{"id":2533,"date":"2025-03-16T15:09:07","date_gmt":"2025-03-16T15:09:07","guid":{"rendered":"https:\/\/lilypapuosalai.lt\/?page_id=2533"},"modified":"2025-04-05T22:05:22","modified_gmt":"2025-04-05T22:05:22","slug":"grazinimo-politika","status":"publish","type":"page","link":"https:\/\/lilypapuosalai.lt\/en\/grazinimo-politika\/","title":{"rendered":"Refund Policy"},"content":{"rendered":"<p data-block-type=\"core\">Gr\u0105\u017einti arba pakeisti netinkam\u0105 prek\u0119 galite per 14 kalendorini\u0173 dien\u0173 nuo u\u017esakymo gavimo dienos. Jei nuspr\u0119site pakeisti ar gr\u0105\u017einti prek\u0119, susisiekite su mumis el.pa\u0161tu:\u00a0info@lilypapuosalai.lt\u00a0<\/p>\n\n\n\n<p data-block-type=\"core\">Pirk\u0117jas yra atsakingas u\u017e gr\u0105\u017einimos ar kei\u010diamos prek\u0117s siuntimo i\u0161laid\u0173 padengim\u0105. Pirk\u0117jui gr\u0105\u017einama tik u\u017e prek\u0119 sumok\u0117ta suma. L\u0117\u0161os bus gr\u0105\u017eintos i t\u0105 pa\u010di\u0105 s\u0105skait\u0105, i\u0161 kurios buvo atliktas mok\u0117jimas prek\u0119 u\u017esakant.<\/p>\n\n\n\n<p data-block-type=\"core\">Jeigu prek\u0117s yra pagamintos pagal pirk\u0117jo individual\u0173 u\u017esakym\u0105, jos nekei\u010diamos ir negr\u0105\u017einamos.<\/p>\n\n\n\n<h2 class=\"wp-block-heading\" data-block-type=\"core\">Gr\u0105\u017einimo s\u0105lygos<\/h2>\n\n\n\n<p data-block-type=\"core\">Gr\u0105\u017einama prek\u0117 turi b\u016bti:<\/p>\n\n\n\n<p data-block-type=\"core\">\u2013 Nenaudota, nesugadinta, nepraradusi pirmin\u0117s i\u0161vaizdos.<br>\u2013 Gr\u0105\u017einama prek\u0117 turi b\u016bti originalioje nepa\u017eeistoje pakuot\u0117je, su tokiu pat pried\u0173 komplektu, koks buvo gautas.<br>\u2013 Su originaliomis, nenuimtomis etiket\u0117mis.<br>\u2013 Pagaminta ne pagal individual\u0173 u\u017esakym\u0105.<\/p>\n\n\n\n<h2 class=\"wp-block-heading\" data-block-type=\"core\">Nekokybi\u0161kos prek\u0117s gr\u0105\u017einimas<\/h2>\n\n\n\n<p data-block-type=\"core\">Jei gavote nekokybi\u0161k\u0105 prek\u0119, kuo grei\u010diau ir ne v\u0117liau kaip per 30 dien\u0173 nuo pirkinio gavimo dienos susisiekite su m\u016bs\u0173 komanda adresu info@lilypapuosalai.lt, kad gautum\u0117te tolimesnes instrukcijas. Jei negal\u0117sime pateikti naujo pana\u0161aus produkto, u\u017esakymas gali b\u016bti at\u0161auktas, gr\u0105\u017einant vis\u0105 sum\u0105.<\/p>\n\n\n\n<p data-block-type=\"core\">Gin\u010do atvejais taikome vartotoj\u0173 teisi\u0173 apsaugos \u012fstatymo politik\u0105.<\/p>\n\n\n\n<p data-block-type=\"core\">Pra\u0161ym\u0105\/skund\u0105 d\u0117l m\u016bs\u0173 elektronin\u0117je parduotuv\u0117je \u012fsigytos prek\u0117s galite pateikti Valstybinei vartotoj\u0173 teisi\u0173 apsaugos tarnybai (Vilniaus g. 25, 01402 Vilnius, el. p. tarnyba@vvtat.lt, tel. 8 5 262 67 51, interneto svetain\u0117je www.vvtat.lt).<\/p>\n\n\n\n<p data-block-type=\"core\"><\/p>","protected":false},"excerpt":{"rendered":"<p>Gr\u0105\u017einti arba pakeisti netinkam\u0105 prek\u0119 galite per 14 kalendorini\u0173 dien\u0173 nuo u\u017esakymo gavimo dienos. Jei nuspr\u0119site pakeisti ar gr\u0105\u017einti prek\u0119, susisiekite su mumis el.pa\u0161tu:\u00a0info@lilypapuosalai.lt\u00a0 Pirk\u0117jas yra atsakingas u\u017e gr\u0105\u017einimos ar kei\u010diamos prek\u0117s siuntimo i\u0161laid\u0173 padengim\u0105. Pirk\u0117jui gr\u0105\u017einama tik u\u017e prek\u0119 sumok\u0117ta suma. L\u0117\u0161os bus gr\u0105\u017eintos i t\u0105 pa\u010di\u0105 s\u0105skait\u0105, i\u0161 kurios buvo atliktas mok\u0117jimas prek\u0119 [&hellip;]<\/p>\n","protected":false},"author":1,"featured_media":0,"parent":0,"menu_order":0,"comment_status":"closed","ping_status":"closed","template":"","meta":{"footnotes":""},"class_list":["post-2533","page","type-page","status-publish","hentry"],"blocksy_meta":[],"_links":{"self":[{"href":"https:\/\/lilypapuosalai.lt\/en\/wp-json\/wp\/v2\/pages\/2533","targetHints":{"allow":["GET"]}}],"collection":[{"href":"https:\/\/lilypapuosalai.lt\/en\/wp-json\/wp\/v2\/pages"}],"about":[{"href":"https:\/\/lilypapuosalai.lt\/en\/wp-json\/wp\/v2\/types\/page"}],"author":[{"embeddable":true,"href":"https:\/\/lilypapuosalai.lt\/en\/wp-json\/wp\/v2\/users\/1"}],"replies":[{"embeddable":true,"href":"https:\/\/lilypapuosalai.lt\/en\/wp-json\/wp\/v2\/comments?post=2533"}],"version-history":[{"count":4,"href":"https:\/\/lilypapuosalai.lt\/en\/wp-json\/wp\/v2\/pages\/2533\/revisions"}],"predecessor-version":[{"id":3642,"href":"https:\/\/lilypapuosalai.lt\/en\/wp-json\/wp\/v2\/pages\/2533\/revisions\/3642"}],"wp:attachment":[{"href":"https:\/\/lilypapuosalai.lt\/en\/wp-json\/wp\/v2\/media?parent=2533"}],"curies":[{"name":"wp","href":"https:\/\/api.w.org\/{rel}","templated":true}]}}